{"id":12220,"date":"2023-06-15T07:33:08","date_gmt":"2023-06-15T07:33:08","guid":{"rendered":"https:\/\/www.gutblick.ch\/?page_id=12220"},"modified":"2025-10-06T13:49:54","modified_gmt":"2025-10-06T11:49:54","slug":"fuer-zuweisende","status":"publish","type":"page","link":"https:\/\/www.gutblick.ch\/de\/fuer-zuweisende\/","title":{"rendered":"F\u00fcr Zuweisende"},"content":{"rendered":"<div itemscope itemtype=\"http:\/\/schema.org\/Article\" class=\"header-small-block container1200 mb120 mt120\"><div class=\"container\" > <div class=\"content\" > <div class=\"header-small-block-wrap\" > <div class=\"header-small-block__content\" > <h1 itemprop=\"name\" class=\"header-small-block__name semiBold h3\" > <span class=\"header-small-block__title h3\" > F\u00fcr<\/span><br>Zuweisende<\/h1 > <p class=\"header-small-block__subtitle mt16\" > <\/p > <\/div > <div class=\"header-small-block__image\" > <img loading=\"lazy\" decoding=\"async\" width=\"2560\" height=\"1438\" src=\"https:\/\/www.gutblick.ch\/app\/uploads\/2023\/08\/gutblick23-01-1067_730px-scaled.jpg\" class=\"img__small__header\" alt=\"\" srcset=\"https:\/\/www.gutblick.ch\/app\/uploads\/2023\/08\/gutblick23-01-1067_730px-scaled.jpg 2560w, https:\/\/www.gutblick.ch\/app\/uploads\/2023\/08\/gutblick23-01-1067_730px-300x168.jpg 300w, https:\/\/www.gutblick.ch\/app\/uploads\/2023\/08\/gutblick23-01-1067_730px-1024x575.jpg 1024w, https:\/\/www.gutblick.ch\/app\/uploads\/2023\/08\/gutblick23-01-1067_730px-1536x863.jpg 1536w, https:\/\/www.gutblick.ch\/app\/uploads\/2023\/08\/gutblick23-01-1067_730px-2048x1150.jpg 2048w\" sizes=\"auto, (max-width: 2560px) 100vw, 2560px\" \/><\/div > <\/div > <\/div > <\/div > <\/div > \n\n<div class=\"query-all-services-block container1364 mb120 mt120\"><div class=\"container\"><div class=\"content\"><\/div><\/div><\/div>\n\n<div class=\"title-content-block container1364 mb8 mt120\"><div class=\"container\"><div class=\"content\"><div class=\"mt24 mb24 max830 preloaded__content fade\"><h2>Gutblick \u2013 Ihr Verbund f\u00fcr Augenmedizin<\/h2>\n<\/div><div class=\"mt24 mb24 max830 preloaded__content fade\"><p>Stellen Sie bei Ihren Patient:innen eine <strong>Verschlechterung des Sehverm\u00f6gens<\/strong> fest? Klagen sie \u00fcber verblasste Farben oder stark blendende Scheinwerfer in der Nacht? Wollen Sie Ihre Patient:innen bei <strong>Augennotf\u00e4llen<\/strong> in besten H\u00e4nden wissen? Oder suchen Sie einen verl\u00e4sslichen <strong>Operateur<\/strong> f\u00fcr Ihre Patient:innen? Dann sind Sie mit diesen Anliegen bei uns genau richtig.<\/p>\n<\/div><div class=\"mt24 mb24 max830 preloaded__content fade\"><p>Als ausgewiesene Experten f\u00fcr Augenheilkunde, insbesondere Augenchirurgie, geben Sie Ihre Patient:innen bei uns in vertrauensvolle H\u00e4nde. Wir verf\u00fcgen \u00fcber viele relevante <strong>Subspezialisierungen<\/strong> wie z.B. Glaukom-, Netzhaut-, Katarakt- und refraktive Chirurgie, Okuloplastik, Strabologie. Unsere Kolleg:innen haben in ihren Spezialgebieten bereits mehrere Tausend Operationen durchgef\u00fchrt.<\/p>\n<\/div><\/div><\/div><\/div>\n\n<div class=\"title-content-block container1364 mb120 mt120\"><div class=\"container\"><div class=\"content\"><div class=\"mt24 mb24 max830 preloaded__content fade\"><h3>Ihre Vorteile<\/h3>\n<\/div><div class=\"mt24 mb24 max830 preloaded__content fade\"><p>\u2713 Speditive und unkomplizierte Zuweisungen<\/p>\n<p>\u2713 Eigene Operationszentren in der ganzen Deutschschweiz<\/p>\n<p>\u2713 Direkte Betreuung Ihrer Patient:innen nach ambulanten Eingriffen vor Ort<\/p>\n<p>\u2713 Behandlung von augen\u00e4rztlichen Notf\u00e4llen in unseren Praxen<\/p>\n<p>\u2713 Zeitnahe Berichterstattung durch unsere Augenspezialist:innen<\/p>\n<p>\u2713 Neueste Technologien in der Diagnostik und pr\u00e4zise Messger\u00e4te<\/p>\n<p>\u2713 Eigene Forschungsabteilung Gutblick Research<\/p>\n<p>\u2713 H\u00f6chste Qualit\u00e4tsstandards<\/p>\n<\/div><\/div><\/div><\/div>\n\n<div class=\"title-content-block container1364 mb120 mt120\"><div class=\"container\"><div class=\"content\"><div class=\"mt24 mb24 max830 preloaded__content fade\"><h3>Allgemeine Zuweisungen<\/h3>\n<\/div><\/div><\/div><\/div>\n\n\n<div class=\"wp-block-buttons is-content-justification-center is-layout-flex wp-container-core-buttons-is-layout-a89b3969 wp-block-buttons-is-layout-flex\">\n<div class=\"wp-block-button\"><a class=\"wp-block-button__link has-ow-primary-5-color has-ow-primary-1-background-color has-text-color has-background has-medium-font-size has-custom-font-size wp-element-button\" href=\"mailto:dmadjdpour@hin.ch?subject=Web-Zuweisung\" style=\"border-radius:4px\">E-Mail<\/a><\/div>\n\n\n\n<div class=\"wp-block-button\"><a class=\"wp-block-button__link has-ow-primary-5-color has-ow-primary-1-background-color has-text-color has-background has-medium-font-size has-custom-font-size wp-element-button\" href=\"https:\/\/www.gutblick.ch\/app\/uploads\/2025\/09\/Zuweiserformular_A4_GB_5009202_09-25.pdf\" style=\"border-radius:4px\" target=\"_blank\" rel=\"noreferrer noopener\">Formular<\/a><\/div>\n<\/div>\n\n\n<div class=\"title-content-block container1364 mb56 mt120\"><div class=\"container\"><div class=\"content\"><div class=\"mt24 mb24 max830 preloaded__content fade\"><h3>Notfallzuweisung<\/h3>\n<\/div><div class=\"mt24 mb24 max830 preloaded__content fade\"><p>Bitte wenden Sie sich f\u00fcr Notf\u00e4lle direkt an einen Standort in Ihrer N\u00e4he:<\/p>\n<\/div><\/div><\/div><\/div>\n\n\n<div class=\"wp-block-buttons is-horizontal is-content-justification-center is-layout-flex wp-container-core-buttons-is-layout-03627597 wp-block-buttons-is-layout-flex\">\n<div class=\"wp-block-button\"><a class=\"wp-block-button__link has-ow-primary-5-color has-ow-primary-1-background-color has-text-color has-background has-medium-font-size has-custom-font-size wp-element-button\" href=\"tel: 044 926 30 90\" style=\"border-radius:4px\">St\u00e4fa: 044 926 30 90<\/a><\/div>\n\n\n\n<div class=\"wp-block-button\"><a class=\"wp-block-button__link has-ow-primary-5-color has-ow-primary-1-background-color has-text-color has-background has-medium-font-size has-custom-font-size wp-element-button\" href=\"tel: 044 836 66 66\" style=\"border-radius:4px\">Wallisellen: 044 836 66 66<\/a><\/div>\n\n\n\n<div class=\"wp-block-button\"><a class=\"wp-block-button__link has-ow-primary-5-color has-ow-primary-1-background-color has-text-color has-background has-medium-font-size has-custom-font-size wp-element-button\" href=\"tel: 044 934 33 33\" style=\"border-radius:4px\">Wetzikon: 044 934 33 33<\/a><\/div>\n<\/div>\n\n\n<div class=\"title-content-block container1364 mb8 mt8\"><div class=\"container\"><div class=\"content\"><div class=\"mt24 mb24 max830 preloaded__content fade\"><p><\/p>\n<\/div><\/div><\/div><\/div>\n\n\n<div class=\"wp-block-buttons is-horizontal is-content-justification-center is-layout-flex wp-container-core-buttons-is-layout-03627597 wp-block-buttons-is-layout-flex\">\n<div class=\"wp-block-button\"><a class=\"wp-block-button__link has-ow-primary-5-color has-ow-primary-1-background-color has-text-color has-background has-medium-font-size has-custom-font-size wp-element-button\" href=\"tel: 052 242 38 38\" style=\"border-radius:4px\">Winterthur: 052 242 38 38<\/a><\/div>\n\n\n\n<div class=\"wp-block-button\"><a class=\"wp-block-button__link has-ow-primary-5-color has-ow-primary-1-background-color has-text-color has-background has-medium-font-size has-custom-font-size wp-element-button\" href=\"tel: 043 333 44 44\" style=\"border-radius:4px\">Z\u00fcrich: 043 333 44 44<\/a><\/div>\n<\/div>\n\n\n<div class=\"title-content-block container1364 mb8 mt8\"><div class=\"container\"><div class=\"content\"><div class=\"mt24 mb24 max830 preloaded__content fade\"><p><\/p>\n<\/div><\/div><\/div><\/div>\n\n\n<div class=\"wp-block-buttons is-horizontal is-content-justification-center is-layout-flex wp-container-core-buttons-is-layout-03627597 wp-block-buttons-is-layout-flex\">\n<div class=\"wp-block-button\"><a class=\"wp-block-button__link has-ow-primary-5-color has-ow-primary-1-background-color has-text-color has-background has-medium-font-size has-custom-font-size wp-element-button\" href=\"tel: 062 822 88 22\" style=\"border-radius:4px\">Aarau: 062 822 88 22<\/a><\/div>\n\n\n\n<div class=\"wp-block-button\"><a class=\"wp-block-button__link has-ow-primary-5-color has-ow-primary-1-background-color has-text-color has-background has-medium-font-size has-custom-font-size wp-element-button\" href=\"tel: 031 310 10 00\" style=\"border-radius:4px\">Bern: 031 310 10 00<\/a><\/div>\n\n\n\n<div class=\"wp-block-button\"><a class=\"wp-block-button__link has-ow-primary-5-color has-ow-primary-1-background-color has-text-color has-background has-medium-font-size has-custom-font-size wp-element-button\" href=\"tel: 031 911 20 02\" style=\"border-radius:4px\">Zollikofen: 031 911 20 02<\/a><\/div>\n<\/div>\n\n\n<div class=\"title-content-block container1364 mb8 mt8\"><div class=\"container\"><div class=\"content\"><div class=\"mt24 mb24 max830 preloaded__content fade\"><p><\/p>\n<\/div><\/div><\/div><\/div>\n\n\n<div class=\"wp-block-buttons is-horizontal is-content-justification-center is-layout-flex wp-container-core-buttons-is-layout-03627597 wp-block-buttons-is-layout-flex\">\n<div class=\"wp-block-button\"><a class=\"wp-block-button__link has-ow-primary-5-color has-ow-primary-1-background-color has-text-color has-background has-medium-font-size has-custom-font-size wp-element-button\" href=\"tel: 081 286 76 66\" style=\"border-radius:4px\">Chur: 081 286 76 66<\/a><\/div>\n\n\n\n<div class=\"wp-block-button\"><a class=\"wp-block-button__link has-ow-primary-5-color has-ow-primary-1-background-color has-text-color has-background has-medium-font-size has-custom-font-size wp-element-button\" href=\"tel: 041 342 22 22\" style=\"border-radius:4px\">Luzern: 041 342 22 22<\/a><\/div>\n\n\n\n<div class=\"wp-block-button\"><a class=\"wp-block-button__link has-ow-primary-5-color has-ow-primary-1-background-color has-text-color has-background has-medium-font-size has-custom-font-size wp-element-button\" href=\"tel: 071 222 44 44\" style=\"border-radius:4px\">St. Gallen: 071 222 44 44<\/a><\/div>\n<\/div>\n\n\n<div class=\"query-all-services-block container1364 mb120 mt120\"><div class=\"container\"><div class=\"content\"><div class=\"query-all-services-block-section-wrap mt120 services-fuer-zuweisende\"><h3 class=\"query-all-services-block__title max830 mb24 semiBold\">Services f\u00fcr Zuweisende<\/h3><div class=\"query-all-services-block-wrap\" data-uuid=\"69ede1dc7ee25\" data-load-more=\"\" data-count=\"6\"><div class=\"card-element\"><a class=\"wrapper-link\" href=\"https:\/\/www.gutblick.ch\/de\/fortbildung\/\"><div class=\"card-element-wrap\"><div class=\"card-element-wrap__content\"><div class=\"card-element-wrap__inner\"><p class=\"card-element-wrap__content-title semiBold\">Fortbildungen<\/p><p class=\"card-element-wrap__content-excerpt mt8\">Fortbildungsveranstaltungen rund um die Augen.<\/p><span class=\"arrow__cta\"><svg class=\"svg-arrow\" width=\"32\" height=\"32\" viewBox=\"0 0 32 33\" fill=\"none\" xmlns=\"http:\/\/www.w3.org\/2000\/svg\"><path class=\"svg-arrow-path\" d=\"M16.667 12.2832L21.3337 16.9499L16.667 21.6165M10.667 16.9499H21.3337H10.667Z\" stroke=\"white\" stroke-width=\"2\" stroke-linecap=\"round\" stroke-linejoin=\"round\"\/><circle cx=\"16\" cy=\"16.9497\" r=\"15.5\" stroke=\"white\"\/><\/svg><\/span><\/div><\/div><\/div><\/a><\/div><div class=\"card-element\"><a class=\"wrapper-link\" href=\"https:\/\/www.gutblick.ch\/de\/fuer-zuweisende\/op-zentren-belegaerzte\/\"><div class=\"card-element-wrap\"><div class=\"card-element-wrap__content\"><div class=\"card-element-wrap__inner\"><p class=\"card-element-wrap__content-title semiBold\">OP-Zentren Beleg\u00e4rzt:innen<\/p><p class=\"card-element-wrap__content-excerpt mt8\">Unsere Operationsstandorte f\u00fcr Beleg\u00e4rzt:innen.<\/p><span class=\"arrow__cta\"><svg class=\"svg-arrow\" width=\"32\" height=\"32\" viewBox=\"0 0 32 33\" fill=\"none\" xmlns=\"http:\/\/www.w3.org\/2000\/svg\"><path class=\"svg-arrow-path\" d=\"M16.667 12.2832L21.3337 16.9499L16.667 21.6165M10.667 16.9499H21.3337H10.667Z\" stroke=\"white\" stroke-width=\"2\" stroke-linecap=\"round\" stroke-linejoin=\"round\"\/><circle cx=\"16\" cy=\"16.9497\" r=\"15.5\" stroke=\"white\"\/><\/svg><\/span><\/div><\/div><\/div><\/a><\/div><div class=\"card-element\"><a class=\"wrapper-link\" href=\"https:\/\/www.gutblick.ch\/de\/fuer-zuweisende\/adressaenderung-fuer-zuweisende\/\"><div class=\"card-element-wrap\"><div class=\"card-element-wrap__content\"><div class=\"card-element-wrap__inner\"><p class=\"card-element-wrap__content-title semiBold\">Adress\u00e4nderung f\u00fcr Zuweisende<\/p><p class=\"card-element-wrap__content-excerpt mt8\">Melden Sie uns Ihre Adress\u00e4nderung direkt mittels Online-Formular.<\/p><span class=\"arrow__cta\"><svg class=\"svg-arrow\" width=\"32\" height=\"32\" viewBox=\"0 0 32 33\" fill=\"none\" xmlns=\"http:\/\/www.w3.org\/2000\/svg\"><path class=\"svg-arrow-path\" d=\"M16.667 12.2832L21.3337 16.9499L16.667 21.6165M10.667 16.9499H21.3337H10.667Z\" stroke=\"white\" stroke-width=\"2\" stroke-linecap=\"round\" stroke-linejoin=\"round\"\/><circle cx=\"16\" cy=\"16.9497\" r=\"15.5\" stroke=\"white\"\/><\/svg><\/span><\/div><\/div><\/div><\/a><\/div><div class=\"card-element\"><a class=\"wrapper-link\" href=\"https:\/\/www.gutblick.ch\/de\/fuer-zuweisende\/unsere-ophthalmochirurginnen\/\"><div class=\"card-element-wrap\"><div class=\"card-element-wrap__content\"><div class=\"card-element-wrap__inner\"><p class=\"card-element-wrap__content-title semiBold\">Ihre Kontaktpersonen<\/p><p class=\"card-element-wrap__content-excerpt mt8\">Lernen Sie unsere Operateur:innen kennen<\/p><span class=\"arrow__cta\"><svg class=\"svg-arrow\" width=\"32\" height=\"32\" viewBox=\"0 0 32 33\" fill=\"none\" xmlns=\"http:\/\/www.w3.org\/2000\/svg\"><path class=\"svg-arrow-path\" d=\"M16.667 12.2832L21.3337 16.9499L16.667 21.6165M10.667 16.9499H21.3337H10.667Z\" stroke=\"white\" stroke-width=\"2\" stroke-linecap=\"round\" stroke-linejoin=\"round\"\/><circle cx=\"16\" cy=\"16.9497\" r=\"15.5\" stroke=\"white\"\/><\/svg><\/span><\/div><\/div><\/div><\/a><\/div><div class=\"card-element\"><a class=\"wrapper-link\" href=\"https:\/\/www.gutblick.ch\/de\/fuer-zuweisende\/unser-leistungsangebot\/\"><div class=\"card-element-wrap\"><div class=\"card-element-wrap__content\"><div class=\"card-element-wrap__inner\"><p class=\"card-element-wrap__content-title semiBold\">Unser Leistungsangebot<\/p><p class=\"card-element-wrap__content-excerpt mt8\">Von konservativer Therapie bis ambulante Operationen<\/p><span class=\"arrow__cta\"><svg class=\"svg-arrow\" width=\"32\" height=\"32\" viewBox=\"0 0 32 33\" fill=\"none\" xmlns=\"http:\/\/www.w3.org\/2000\/svg\"><path class=\"svg-arrow-path\" d=\"M16.667 12.2832L21.3337 16.9499L16.667 21.6165M10.667 16.9499H21.3337H10.667Z\" stroke=\"white\" stroke-width=\"2\" stroke-linecap=\"round\" stroke-linejoin=\"round\"\/><circle cx=\"16\" cy=\"16.9497\" r=\"15.5\" stroke=\"white\"\/><\/svg><\/span><\/div><\/div><\/div><\/a><\/div><div class=\"card-element\"><a class=\"wrapper-link\" href=\"https:\/\/www.gutblick.ch\/de\/fuer-zuweisende\/forschung-publikationen\/\"><div class=\"card-element-wrap\"><div class=\"card-element-wrap__content\"><div class=\"card-element-wrap__inner\"><p class=\"card-element-wrap__content-title semiBold\">Forschung und Publikationen<\/p><p class=\"card-element-wrap__content-excerpt mt8\">Wissenswertes zu Gutblick Research und medizinische Publikationen<\/p><span class=\"arrow__cta\"><svg class=\"svg-arrow\" width=\"32\" height=\"32\" viewBox=\"0 0 32 33\" fill=\"none\" xmlns=\"http:\/\/www.w3.org\/2000\/svg\"><path class=\"svg-arrow-path\" d=\"M16.667 12.2832L21.3337 16.9499L16.667 21.6165M10.667 16.9499H21.3337H10.667Z\" stroke=\"white\" stroke-width=\"2\" stroke-linecap=\"round\" stroke-linejoin=\"round\"\/><circle cx=\"16\" cy=\"16.9497\" r=\"15.5\" stroke=\"white\"\/><\/svg><\/span><\/div><\/div><\/div><\/a><\/div><\/div><\/div><\/div><\/div><\/div>","protected":false},"excerpt":{"rendered":"","protected":false},"author":5,"featured_media":12743,"parent":0,"menu_order":0,"comment_status":"closed","ping_status":"closed","template":"","meta":{"_acf_changed":false,"footnotes":""},"class_list":["post-12220","page","type-page","status-publish","has-post-thumbnail","hentry"],"acf":[],"yoast_head":"<!-- This site is optimized with the Yoast SEO plugin v26.2 - https:\/\/yoast.com\/wordpress\/plugins\/seo\/ -->\n<title>F\u00fcr Zuweisende - Gutblick<\/title>\n<meta name=\"description\" content=\"Gutblick ist ein auf Augenmedizin spezialisierter Verbund mit relevanten Subspezialisierungen und mehreren Tausend Operationen an Erfahrung.\" \/>\n<meta name=\"robots\" content=\"noindex, nofollow\" \/>\n<meta property=\"og:locale\" content=\"de_DE\" \/>\n<meta property=\"og:type\" content=\"article\" \/>\n<meta property=\"og:title\" content=\"F\u00fcr Zuweisende - Gutblick\" \/>\n<meta property=\"og:description\" content=\"Gutblick ist ein auf Augenmedizin spezialisierter Verbund mit relevanten Subspezialisierungen und mehreren Tausend Operationen an Erfahrung.\" \/>\n<meta property=\"og:url\" content=\"https:\/\/www.gutblick.ch\/de\/fuer-zuweisende\/\" \/>\n<meta property=\"og:site_name\" content=\"Gutblick\" \/>\n<meta property=\"article:modified_time\" content=\"2025-10-06T11:49:54+00:00\" \/>\n<meta property=\"og:image\" content=\"https:\/\/www.gutblick.ch\/app\/uploads\/2023\/08\/gutblick23-01-1067_730px-scaled.jpg\" \/>\n\t<meta property=\"og:image:width\" content=\"2560\" \/>\n\t<meta property=\"og:image:height\" content=\"1438\" \/>\n\t<meta property=\"og:image:type\" content=\"image\/jpeg\" \/>\n<meta name=\"twitter:card\" content=\"summary_large_image\" \/>\n<meta name=\"twitter:label1\" content=\"Est. reading time\" \/>\n\t<meta name=\"twitter:data1\" content=\"1 Minute\" \/>\n<script type=\"application\/ld+json\" class=\"yoast-schema-graph\">{\"@context\":\"https:\/\/schema.org\",\"@graph\":[{\"@type\":\"WebPage\",\"@id\":\"https:\/\/www.gutblick.ch\/de\/fuer-zuweisende\/\",\"url\":\"https:\/\/www.gutblick.ch\/de\/fuer-zuweisende\/\",\"name\":\"F\u00fcr Zuweisende - Gutblick\",\"isPartOf\":{\"@id\":\"https:\/\/www.gutblick.ch\/de\/#website\"},\"primaryImageOfPage\":{\"@id\":\"https:\/\/www.gutblick.ch\/de\/fuer-zuweisende\/#primaryimage\"},\"image\":{\"@id\":\"https:\/\/www.gutblick.ch\/de\/fuer-zuweisende\/#primaryimage\"},\"thumbnailUrl\":\"https:\/\/www.gutblick.ch\/app\/uploads\/2023\/08\/gutblick23-01-1067_730px-scaled.jpg\",\"datePublished\":\"2023-06-15T07:33:08+00:00\",\"dateModified\":\"2025-10-06T11:49:54+00:00\",\"description\":\"Gutblick ist ein auf Augenmedizin spezialisierter Verbund mit relevanten Subspezialisierungen und mehreren Tausend Operationen an Erfahrung.\",\"breadcrumb\":{\"@id\":\"https:\/\/www.gutblick.ch\/de\/fuer-zuweisende\/#breadcrumb\"},\"inLanguage\":\"de-DE\",\"potentialAction\":[{\"@type\":\"ReadAction\",\"target\":[\"https:\/\/www.gutblick.ch\/de\/fuer-zuweisende\/\"]}]},{\"@type\":\"ImageObject\",\"inLanguage\":\"de-DE\",\"@id\":\"https:\/\/www.gutblick.ch\/de\/fuer-zuweisende\/#primaryimage\",\"url\":\"https:\/\/www.gutblick.ch\/app\/uploads\/2023\/08\/gutblick23-01-1067_730px-scaled.jpg\",\"contentUrl\":\"https:\/\/www.gutblick.ch\/app\/uploads\/2023\/08\/gutblick23-01-1067_730px-scaled.jpg\",\"width\":2560,\"height\":1438},{\"@type\":\"BreadcrumbList\",\"@id\":\"https:\/\/www.gutblick.ch\/de\/fuer-zuweisende\/#breadcrumb\",\"itemListElement\":[{\"@type\":\"ListItem\",\"position\":1,\"name\":\"Home\",\"item\":\"https:\/\/www.gutblick.ch\/de\/\"},{\"@type\":\"ListItem\",\"position\":2,\"name\":\"F\u00fcr Zuweisende\"}]},{\"@type\":\"WebSite\",\"@id\":\"https:\/\/www.gutblick.ch\/de\/#website\",\"url\":\"https:\/\/www.gutblick.ch\/de\/\",\"name\":\"Gutblick\",\"description\":\"\",\"publisher\":{\"@id\":\"https:\/\/www.gutblick.ch\/de\/#organization\"},\"potentialAction\":[{\"@type\":\"SearchAction\",\"target\":{\"@type\":\"EntryPoint\",\"urlTemplate\":\"https:\/\/www.gutblick.ch\/de\/?s={search_term_string}\"},\"query-input\":{\"@type\":\"PropertyValueSpecification\",\"valueRequired\":true,\"valueName\":\"search_term_string\"}}],\"inLanguage\":\"de-DE\"},{\"@type\":\"Organization\",\"@id\":\"https:\/\/www.gutblick.ch\/de\/#organization\",\"name\":\"Gutblick\",\"url\":\"https:\/\/www.gutblick.ch\/de\/\",\"logo\":{\"@type\":\"ImageObject\",\"inLanguage\":\"de-DE\",\"@id\":\"https:\/\/www.gutblick.ch\/de\/#\/schema\/logo\/image\/\",\"url\":\"https:\/\/www.gutblick.ch\/app\/uploads\/2022\/09\/Gutblick-pos_RGB-1-1.svg\",\"contentUrl\":\"https:\/\/www.gutblick.ch\/app\/uploads\/2022\/09\/Gutblick-pos_RGB-1-1.svg\",\"caption\":\"Gutblick\"},\"image\":{\"@id\":\"https:\/\/www.gutblick.ch\/de\/#\/schema\/logo\/image\/\"}}]}<\/script>\n<!-- \/ Yoast SEO plugin. -->","yoast_head_json":{"title":"F\u00fcr Zuweisende - Gutblick","description":"Gutblick ist ein auf Augenmedizin spezialisierter Verbund mit relevanten Subspezialisierungen und mehreren Tausend Operationen an Erfahrung.","robots":{"index":"noindex","follow":"nofollow"},"og_locale":"de_DE","og_type":"article","og_title":"F\u00fcr Zuweisende - Gutblick","og_description":"Gutblick ist ein auf Augenmedizin spezialisierter Verbund mit relevanten Subspezialisierungen und mehreren Tausend Operationen an Erfahrung.","og_url":"https:\/\/www.gutblick.ch\/de\/fuer-zuweisende\/","og_site_name":"Gutblick","article_modified_time":"2025-10-06T11:49:54+00:00","og_image":[{"width":2560,"height":1438,"url":"https:\/\/www.gutblick.ch\/app\/uploads\/2023\/08\/gutblick23-01-1067_730px-scaled.jpg","type":"image\/jpeg"}],"twitter_card":"summary_large_image","twitter_misc":{"Est. reading time":"1 Minute"},"schema":{"@context":"https:\/\/schema.org","@graph":[{"@type":"WebPage","@id":"https:\/\/www.gutblick.ch\/de\/fuer-zuweisende\/","url":"https:\/\/www.gutblick.ch\/de\/fuer-zuweisende\/","name":"F\u00fcr Zuweisende - Gutblick","isPartOf":{"@id":"https:\/\/www.gutblick.ch\/de\/#website"},"primaryImageOfPage":{"@id":"https:\/\/www.gutblick.ch\/de\/fuer-zuweisende\/#primaryimage"},"image":{"@id":"https:\/\/www.gutblick.ch\/de\/fuer-zuweisende\/#primaryimage"},"thumbnailUrl":"https:\/\/www.gutblick.ch\/app\/uploads\/2023\/08\/gutblick23-01-1067_730px-scaled.jpg","datePublished":"2023-06-15T07:33:08+00:00","dateModified":"2025-10-06T11:49:54+00:00","description":"Gutblick ist ein auf Augenmedizin spezialisierter Verbund mit relevanten Subspezialisierungen und mehreren Tausend Operationen an Erfahrung.","breadcrumb":{"@id":"https:\/\/www.gutblick.ch\/de\/fuer-zuweisende\/#breadcrumb"},"inLanguage":"de-DE","potentialAction":[{"@type":"ReadAction","target":["https:\/\/www.gutblick.ch\/de\/fuer-zuweisende\/"]}]},{"@type":"ImageObject","inLanguage":"de-DE","@id":"https:\/\/www.gutblick.ch\/de\/fuer-zuweisende\/#primaryimage","url":"https:\/\/www.gutblick.ch\/app\/uploads\/2023\/08\/gutblick23-01-1067_730px-scaled.jpg","contentUrl":"https:\/\/www.gutblick.ch\/app\/uploads\/2023\/08\/gutblick23-01-1067_730px-scaled.jpg","width":2560,"height":1438},{"@type":"BreadcrumbList","@id":"https:\/\/www.gutblick.ch\/de\/fuer-zuweisende\/#breadcrumb","itemListElement":[{"@type":"ListItem","position":1,"name":"Home","item":"https:\/\/www.gutblick.ch\/de\/"},{"@type":"ListItem","position":2,"name":"F\u00fcr Zuweisende"}]},{"@type":"WebSite","@id":"https:\/\/www.gutblick.ch\/de\/#website","url":"https:\/\/www.gutblick.ch\/de\/","name":"Gutblick","description":"","publisher":{"@id":"https:\/\/www.gutblick.ch\/de\/#organization"},"potentialAction":[{"@type":"SearchAction","target":{"@type":"EntryPoint","urlTemplate":"https:\/\/www.gutblick.ch\/de\/?s={search_term_string}"},"query-input":{"@type":"PropertyValueSpecification","valueRequired":true,"valueName":"search_term_string"}}],"inLanguage":"de-DE"},{"@type":"Organization","@id":"https:\/\/www.gutblick.ch\/de\/#organization","name":"Gutblick","url":"https:\/\/www.gutblick.ch\/de\/","logo":{"@type":"ImageObject","inLanguage":"de-DE","@id":"https:\/\/www.gutblick.ch\/de\/#\/schema\/logo\/image\/","url":"https:\/\/www.gutblick.ch\/app\/uploads\/2022\/09\/Gutblick-pos_RGB-1-1.svg","contentUrl":"https:\/\/www.gutblick.ch\/app\/uploads\/2022\/09\/Gutblick-pos_RGB-1-1.svg","caption":"Gutblick"},"image":{"@id":"https:\/\/www.gutblick.ch\/de\/#\/schema\/logo\/image\/"}}]}},"_links":{"self":[{"href":"https:\/\/www.gutblick.ch\/de\/wp-json\/wp\/v2\/pages\/12220","targetHints":{"allow":["GET"]}}],"collection":[{"href":"https:\/\/www.gutblick.ch\/de\/wp-json\/wp\/v2\/pages"}],"about":[{"href":"https:\/\/www.gutblick.ch\/de\/wp-json\/wp\/v2\/types\/page"}],"author":[{"embeddable":true,"href":"https:\/\/www.gutblick.ch\/de\/wp-json\/wp\/v2\/users\/5"}],"replies":[{"embeddable":true,"href":"https:\/\/www.gutblick.ch\/de\/wp-json\/wp\/v2\/comments?post=12220"}],"version-history":[{"count":157,"href":"https:\/\/www.gutblick.ch\/de\/wp-json\/wp\/v2\/pages\/12220\/revisions"}],"predecessor-version":[{"id":17298,"href":"https:\/\/www.gutblick.ch\/de\/wp-json\/wp\/v2\/pages\/12220\/revisions\/17298"}],"wp:featuredmedia":[{"embeddable":true,"href":"https:\/\/www.gutblick.ch\/de\/wp-json\/wp\/v2\/media\/12743"}],"wp:attachment":[{"href":"https:\/\/www.gutblick.ch\/de\/wp-json\/wp\/v2\/media?parent=12220"}],"curies":[{"name":"wp","href":"https:\/\/api.w.org\/{rel}","templated":true}]}}